{"id":23,"date":"2020-04-01T13:40:14","date_gmt":"2020-04-01T13:40:14","guid":{"rendered":"https:\/\/www.rr-gym.ch\/setup\/?page_id=23"},"modified":"2022-06-28T14:30:02","modified_gmt":"2022-06-28T13:30:02","slug":"preise","status":"publish","type":"page","link":"https:\/\/www.rr-gym.ch\/setup\/preise\/","title":{"rendered":"Training"},"content":{"rendered":"\n<p><br><strong>Motiviert zum Ziel mit Personal Training<\/strong><br>Beim Personal Training stehst du mit deinem ganz pers\u00f6nlichen Ziel im Fokus. Achtsam analysiere ich deine K\u00f6rperhaltung, um mit gezielten \u00dcbungen deine Haltung zu verbessern, die Kraft aufzubauen und dich f\u00fcr deine sportlichen Ambitionen zu motivieren. Auf welchem Niveau du dabei startest, spielt keine Rolle. Egal, ob du einfach wieder sicher die Treppe hochkommen m\u00f6chtest, nach einem Unfall zum gewohnten Sport zur\u00fcckkehren m\u00f6chtest, oder ob du ambitionierter Leistungssportler bist. Ich baue gemeinsam mit dir das Fundament auf, welches du f\u00fcr deine individuelle Leistung ben\u00f6tigst. Die \u00dcbungen sind so simpel wie wirkungsvoll, spielerisch und machen Spass. Du wirst staunen, wie unangestrengt Anstrengung sein kann.<\/p>\n\n\n\n<div class=\"wp-block-image\"><figure class=\"alignright size-large is-resized\"><img loading=\"lazy\" src=\"https:\/\/www.rr-gym.ch\/setup\/wp-content\/uploads\/2021\/04\/fullsizeoutput_ecd2-1024x684.jpeg\" alt=\"\" class=\"wp-image-289\" width=\"366\" height=\"244\" srcset=\"https:\/\/www.rr-gym.ch\/setup\/wp-content\/uploads\/2021\/04\/fullsizeoutput_ecd2-1024x684.jpeg 1024w, https:\/\/www.rr-gym.ch\/setup\/wp-content\/uploads\/2021\/04\/fullsizeoutput_ecd2-300x200.jpeg 300w, https:\/\/www.rr-gym.ch\/setup\/wp-content\/uploads\/2021\/04\/fullsizeoutput_ecd2-768x513.jpeg 768w, https:\/\/www.rr-gym.ch\/setup\/wp-content\/uploads\/2021\/04\/fullsizeoutput_ecd2-1536x1025.jpeg 1536w, https:\/\/www.rr-gym.ch\/setup\/wp-content\/uploads\/2021\/04\/fullsizeoutput_ecd2-2048x1367.jpeg 2048w\" sizes=\"(max-width: 366px) 100vw, 366px\" \/><\/figure><\/div>\n\n\n\n<figure class=\"wp-block-image size-large is-resized\"><img loading=\"lazy\" src=\"https:\/\/www.rr-gym.ch\/setup\/wp-content\/uploads\/2021\/08\/Raphael-2-684x1024.jpg\" alt=\"\" class=\"wp-image-343\" width=\"219\" height=\"328\" srcset=\"https:\/\/www.rr-gym.ch\/setup\/wp-content\/uploads\/2021\/08\/Raphael-2-684x1024.jpg 684w, https:\/\/www.rr-gym.ch\/setup\/wp-content\/uploads\/2021\/08\/Raphael-2-200x300.jpg 200w, https:\/\/www.rr-gym.ch\/setup\/wp-content\/uploads\/2021\/08\/Raphael-2-768x1150.jpg 768w, https:\/\/www.rr-gym.ch\/setup\/wp-content\/uploads\/2021\/08\/Raphael-2-1025x1536.jpg 1025w, https:\/\/www.rr-gym.ch\/setup\/wp-content\/uploads\/2021\/08\/Raphael-2-1367x2048.jpg 1367w, https:\/\/www.rr-gym.ch\/setup\/wp-content\/uploads\/2021\/08\/Raphael-2-1600x2397.jpg 1600w, https:\/\/www.rr-gym.ch\/setup\/wp-content\/uploads\/2021\/08\/Raphael-2-scaled.jpg 1709w\" sizes=\"(max-width: 219px) 100vw, 219px\" \/><\/figure>\n\n\n\n<p><strong>Kleingruppentraining<\/strong><br>Fast wie Personal Training! Mit drei Gleichgesinnten teilst du dir die Stunde. Die \u00dcbungen sind zwar f\u00fcr alle gleich, trotzdem kann ich noch gezielt auf deine individuellen Schwachstellen eingehen. Die Gruppe kann dich ausserdem motivieren, am Ball zu bleiben.<\/p>\n\n\n\n<div class=\"wp-block-image\"><figure class=\"alignright size-large is-resized\"><img loading=\"lazy\" src=\"https:\/\/www.rr-gym.ch\/setup\/wp-content\/uploads\/2021\/08\/Fynn-und-Tim-1024x683.jpeg\" alt=\"\" class=\"wp-image-339\" width=\"286\" height=\"189\"\/><\/figure><\/div>\n\n\n\n<figure class=\"wp-block-image size-large is-resized\"><img loading=\"lazy\" src=\"https:\/\/www.rr-gym.ch\/setup\/wp-content\/uploads\/2021\/08\/Gruppe-1024x684.jpg\" alt=\"\" class=\"wp-image-337\" width=\"327\" height=\"218\" srcset=\"https:\/\/www.rr-gym.ch\/setup\/wp-content\/uploads\/2021\/08\/Gruppe-1024x684.jpg 1024w, https:\/\/www.rr-gym.ch\/setup\/wp-content\/uploads\/2021\/08\/Gruppe-300x200.jpg 300w, https:\/\/www.rr-gym.ch\/setup\/wp-content\/uploads\/2021\/08\/Gruppe-768x513.jpg 768w, https:\/\/www.rr-gym.ch\/setup\/wp-content\/uploads\/2021\/08\/Gruppe-1536x1025.jpg 1536w, https:\/\/www.rr-gym.ch\/setup\/wp-content\/uploads\/2021\/08\/Gruppe-2048x1367.jpg 2048w, https:\/\/www.rr-gym.ch\/setup\/wp-content\/uploads\/2021\/08\/Gruppe-1600x1068.jpg 1600w\" sizes=\"(max-width: 327px) 100vw, 327px\" \/><\/figure>\n\n\n\n<p><strong>So l\u00e4uft dein Training ab<\/strong><br>Ein Training dauert 45 Minuten. Je nach Witterung findet das Training draussen oder im RR-Gym statt. Nach ein paar Lockerungs\u00fcbungen arbeiten wir an deinem Fundament mit einem Mix an Kraft und Ausdauer. Die \u00dcbungen sind dabei ganz spezifisch auf dich zugeschnitten.<\/p>\n\n\n\n<p><strong>6 Gr\u00fcnde, jetzt mit dem Training zu starten<\/strong><\/p>\n\n\n\n<blockquote class=\"wp-block-quote is-style-default\"><p>Du erreichst deine Trainingsziele schneller<br>Du f\u00fchlst dich besser und ges\u00fcnder<br>Du bist intensiv betreut und begleitet<br>Ich motiviere dich, am Ball zu bleiben<br>Spielerische \u00dcbungen sorgen f\u00fcr mehr Spass beim Training<br>Dein Erfolg ist garantiert<\/p><\/blockquote>\n","protected":false},"excerpt":{"rendered":"<p>Motiviert zum Ziel mit Personal TrainingBeim Personal Training stehst du mit deinem ganz pers\u00f6nlichen Ziel im Fokus. Achtsam analysiere ich&hellip;<\/p>\n","protected":false},"author":1,"featured_media":0,"parent":0,"menu_order":0,"comment_status":"closed","ping_status":"closed","template":"","meta":[],"yoast_head":"<!-- This site is optimized with the Yoast SEO plugin v16.2 - https:\/\/yoast.com\/wordpress\/plugins\/seo\/ -->\n<title>Training - rr-gym<\/title>\n<meta name=\"robots\" content=\"index, follow, max-snippet:-1, max-image-preview:large, max-video-preview:-1\" \/>\n<link rel=\"canonical\" href=\"https:\/\/www.rr-gym.ch\/setup\/preise\/\" \/>\n<meta property=\"og:locale\" content=\"de_DE\" \/>\n<meta property=\"og:type\" content=\"article\" \/>\n<meta property=\"og:title\" content=\"Training - rr-gym\" \/>\n<meta property=\"og:description\" content=\"Motiviert zum Ziel mit Personal TrainingBeim Personal Training stehst du mit deinem ganz pers\u00f6nlichen Ziel im Fokus. Achtsam analysiere ich&hellip;\" \/>\n<meta property=\"og:url\" content=\"https:\/\/www.rr-gym.ch\/setup\/preise\/\" \/>\n<meta property=\"og:site_name\" content=\"rr-gym\" \/>\n<meta property=\"article:modified_time\" content=\"2022-06-28T13:30:02+00:00\" \/>\n<meta property=\"og:image\" content=\"https:\/\/www.rr-gym.ch\/setup\/wp-content\/uploads\/2021\/04\/fullsizeoutput_ecd2-1024x684.jpeg\" \/>\n<meta name=\"twitter:card\" content=\"summary_large_image\" \/>\n<meta name=\"twitter:label1\" content=\"Gesch\u00e4tzte Lesezeit\">\n\t<meta name=\"twitter:data1\" content=\"2\u00a0Minuten\">\n<script type=\"application\/ld+json\" class=\"yoast-schema-graph\">{\"@context\":\"https:\/\/schema.org\",\"@graph\":[{\"@type\":\"WebSite\",\"@id\":\"https:\/\/www.rr-gym.ch\/setup\/#website\",\"url\":\"https:\/\/www.rr-gym.ch\/setup\/\",\"name\":\"rr-gym\",\"description\":\"\",\"potentialAction\":[{\"@type\":\"SearchAction\",\"target\":\"https:\/\/www.rr-gym.ch\/setup\/?s={search_term_string}\",\"query-input\":\"required name=search_term_string\"}],\"inLanguage\":\"de\"},{\"@type\":\"ImageObject\",\"@id\":\"https:\/\/www.rr-gym.ch\/setup\/preise\/#primaryimage\",\"inLanguage\":\"de\",\"url\":\"https:\/\/www.rr-gym.ch\/setup\/wp-content\/uploads\/2021\/04\/fullsizeoutput_ecd2-scaled.jpeg\",\"contentUrl\":\"https:\/\/www.rr-gym.ch\/setup\/wp-content\/uploads\/2021\/04\/fullsizeoutput_ecd2-scaled.jpeg\",\"width\":2560,\"height\":1709},{\"@type\":\"WebPage\",\"@id\":\"https:\/\/www.rr-gym.ch\/setup\/preise\/#webpage\",\"url\":\"https:\/\/www.rr-gym.ch\/setup\/preise\/\",\"name\":\"Training - rr-gym\",\"isPartOf\":{\"@id\":\"https:\/\/www.rr-gym.ch\/setup\/#website\"},\"primaryImageOfPage\":{\"@id\":\"https:\/\/www.rr-gym.ch\/setup\/preise\/#primaryimage\"},\"datePublished\":\"2020-04-01T13:40:14+00:00\",\"dateModified\":\"2022-06-28T13:30:02+00:00\",\"breadcrumb\":{\"@id\":\"https:\/\/www.rr-gym.ch\/setup\/preise\/#breadcrumb\"},\"inLanguage\":\"de\",\"potentialAction\":[{\"@type\":\"ReadAction\",\"target\":[\"https:\/\/www.rr-gym.ch\/setup\/preise\/\"]}]},{\"@type\":\"BreadcrumbList\",\"@id\":\"https:\/\/www.rr-gym.ch\/setup\/preise\/#breadcrumb\",\"itemListElement\":[{\"@type\":\"ListItem\",\"position\":1,\"item\":{\"@type\":\"WebPage\",\"@id\":\"https:\/\/www.rr-gym.ch\/setup\/\",\"url\":\"https:\/\/www.rr-gym.ch\/setup\/\",\"name\":\"Home\"}},{\"@type\":\"ListItem\",\"position\":2,\"item\":{\"@id\":\"https:\/\/www.rr-gym.ch\/setup\/preise\/#webpage\"}}]}]}<\/script>\n<!-- \/ Yoast SEO plugin. -->","_links":{"self":[{"href":"https:\/\/www.rr-gym.ch\/setup\/wp-json\/wp\/v2\/pages\/23"}],"collection":[{"href":"https:\/\/www.rr-gym.ch\/setup\/wp-json\/wp\/v2\/pages"}],"about":[{"href":"https:\/\/www.rr-gym.ch\/setup\/wp-json\/wp\/v2\/types\/page"}],"author":[{"embeddable":true,"href":"https:\/\/www.rr-gym.ch\/setup\/wp-json\/wp\/v2\/users\/1"}],"replies":[{"embeddable":true,"href":"https:\/\/www.rr-gym.ch\/setup\/wp-json\/wp\/v2\/comments?post=23"}],"version-history":[{"count":14,"href":"https:\/\/www.rr-gym.ch\/setup\/wp-json\/wp\/v2\/pages\/23\/revisions"}],"predecessor-version":[{"id":428,"href":"https:\/\/www.rr-gym.ch\/setup\/wp-json\/wp\/v2\/pages\/23\/revisions\/428"}],"wp:attachment":[{"href":"https:\/\/www.rr-gym.ch\/setup\/wp-json\/wp\/v2\/media?parent=23"}],"curies":[{"name":"wp","href":"https:\/\/api.w.org\/{rel}","templated":true}]}}