{"id":226,"date":"2021-02-09T21:46:15","date_gmt":"2021-02-09T20:46:15","guid":{"rendered":"https:\/\/www.rr-gym.ch\/setup\/?page_id=226"},"modified":"2021-02-16T10:26:27","modified_gmt":"2021-02-16T09:26:27","slug":"datenschutz","status":"publish","type":"page","link":"https:\/\/www.rr-gym.ch\/setup\/datenschutz\/","title":{"rendered":"Datenschutz"},"content":{"rendered":"\n<p>RR-Gym GmbH<br>Raphael R\u00f6llin<br>Telmaweg 2<br>3662 Seftigen<\/p>\n\n\n\n<p>Telefon: +41787555462<br>E-Mail: info@rr-gym.ch<br>WebSite: https:\/\/www.rr-gym.ch<\/p>\n\n\n\n<p><strong>Allgemeiner Hinweis<\/strong><strong><\/strong><\/p>\n\n\n\n<p>Gest\u00fctzt auf Artikel 13 der schweizerischen Bundesverfassung und den datenschutzrechtlichen Bestimmungen des Bundes (Datenschutzgesetz, DSG) hat jede Person Anspruch auf Schutz ihrer Privatsph\u00e4re sowie auf Schutz vor Missbrauch ihrer pers\u00f6nlichen Daten. Die Betreiber dieser Seiten nehmen den Schutz Ihrer pers\u00f6nlichen Daten sehr ernst. Wir behandeln Ihre personenbezogenen Daten vertraulich und entsprechend der gesetzlichen Datenschutzvorschriften sowie dieser Datenschutzerkl\u00e4rung.<\/p>\n\n\n\n<p>In Zusammenarbeit mit unseren Hosting-Providern bem\u00fchen wir uns, die Datenbanken so gut wie m\u00f6glich vor fremden Zugriffen, Verlusten, Missbrauch oder vor F\u00e4lschung zu sch\u00fctzen.<\/p>\n\n\n\n<p>Wir weisen darauf hin, dass die Daten\u00fcbertragung im Internet (z.B. bei der Kommunikation per E-Mail) Sicherheitsl\u00fccken aufweisen kann. Ein l\u00fcckenloser Schutz der Daten vor dem Zugriff durch Dritte ist nicht m\u00f6glich.<\/p>\n\n\n\n<p>Durch die Nutzung dieser Website erkl\u00e4ren Sie sich mit der Erhebung, Verarbeitung und Nutzung von Daten gem\u00e4ss der nachfolgenden Beschreibung einverstanden. Diese Website kann grunds\u00e4tzlich ohne Registrierung besucht werden. Dabei werden Daten wie beispielsweise aufgerufene Seiten bzw. Namen der abgerufenen Datei, Datum und Uhrzeit zu statistischen Zwecken auf dem Server gespeichert, ohne dass diese Daten unmittelbar auf Ihre Person bezogen werden. Personenbezogene Daten, insbesondere Name, Adresse oder E-Mail-Adresse werden soweit m\u00f6glich auf freiwilliger Basis erhoben. Ohne Ihre Einwilligung erfolgt keine Weitergabe der Daten an Dritte.<\/p>\n\n\n\n<p><strong>Bearbeitung von Personendaten<\/strong><strong><\/strong><\/p>\n\n\n\n<p>Personendaten sind alle Angaben, die sich auf eine bestimmte oder bestimmbare Person beziehen. Eine betroffene Person ist eine Person, \u00fcber die Personendaten bearbeitet werden. Bearbeiten umfasst jeden Umgang mit Personendaten, unabh\u00e4ngig von den angewandten Mitteln und Verfahren, insbesondere das Aufbewahren, Bekanntgeben, Beschaffen, L\u00f6schen, Speichern, Ver\u00e4ndern, Vernichten und Verwenden von Personendaten.<\/p>\n\n\n\n<p>Wir bearbeiten Personendaten im Einklang mit dem schweizerischen Datenschutzrecht. Im \u00dcbrigen bearbeiten wir \u2013 soweit und sofern die EU-DSGVO anwendbar ist \u2013 Personendaten gem\u00e4ss folgenden Rechtsgrundlagen im Zusammenhang mit Art. 6 Abs. 1 DSGVO:<\/p>\n\n\n\n<ul><li>lit. a) Bearbeitung von Personendaten mit Einwilligung der betroffenen Person.<\/li><li>lit. b) Bearbeitung von Personendaten zur Erf\u00fcllung eines Vertrages mit der betroffenen Person sowie zur Durchf\u00fchrung entsprechender vorvertraglicher Massnahmen.<\/li><li>lit. c) Bearbeitung von Personendaten zur Erf\u00fcllung einer rechtlichen Verpflichtung, der wir gem\u00e4ss allenfalls anwendbarem Recht der EU oder gem\u00e4ss allenfalls anwendbarem Recht eines Landes, in dem die DSGVO&nbsp;ganz oder teilweise anwendbar ist, unterliegen.<\/li><li>lit. d) Bearbeitung von Personendaten um lebenswichtige Interessen der betroffenen Person oder einer anderen nat\u00fcrlichen Person zu sch\u00fctzen.<\/li><li>lit. f) Bearbeitung von Personendaten um die berechtigten Interessen von uns oder von Dritten zu wahren, sofern nicht die Grundfreiheiten und Grundrechte sowie Interessen der betroffenen Person \u00fcberwiegen. Berechtigte Interessen sind insbesondere unser betriebswirtschaftliches Interesse, unsere Website bereitstellen zu k\u00f6nnen, die Informationssicherheit, die Durchsetzung von eigenen rechtlichen Anspr\u00fcchen und die Einhaltung von schweizerischem Recht.<\/li><\/ul>\n\n\n\n<p>Wir bearbeiten Personendaten f\u00fcr jene Dauer, die f\u00fcr den jeweiligen Zweck oder die jeweiligen Zwecke erforderlich ist. Bei l\u00e4nger dauernden Aufbewahrungspflichten aufgrund von gesetzlichen und sonstigen Pflichten, denen wir unterliegen, schr\u00e4nken wir die Bearbeitung entsprechend ein.<\/p>\n\n\n\n<p><strong>Datenschutzerkl\u00e4rung f\u00fcr Cookies<\/strong><strong><\/strong><\/p>\n\n\n\n<p>Diese Website verwendet Cookies. Das sind kleine Textdateien, die es m\u00f6glich machen, auf dem Endger\u00e4t des Nutzers spezifische, auf den Nutzer bezogene Informationen zu speichern, w\u00e4hrend er die Website nutzt. Cookies erm\u00f6glichen es, insbesondere Nutzungsh\u00e4ufigkeit und Nutzeranzahl der Seiten zu ermitteln, Verhaltensweisen der Seitennutzung zu analysieren, aber auch unser Angebot kundenfreundlicher zu gestalten.&nbsp;Cookies bleiben \u00fcber das Ende einer Browser-Sitzung gespeichert und k\u00f6nnen bei einem erneuten Seitenbesuch wieder aufgerufen werden. Wenn Sie das nicht w\u00fcnschen, sollten Sie Ihren Internetbrowser so einstellen, dass er die Annahme von Cookies verweigert.<\/p>\n\n\n\n<p>Ein genereller Widerspruch gegen den Einsatz der zu Zwecken des Onlinemarketing eingesetzten Cookies kann bei einer Vielzahl der Dienste, vor allem im Fall des Trackings, \u00fcber die US-amerikanische Seite&nbsp;<a href=\"http:\/\/www.aboutads.info\/choices\/\" target=\"_blank\" rel=\"noreferrer noopener\">http:\/\/www.aboutads.info\/choices\/<\/a>&nbsp;oder die EU-Seite&nbsp;<a href=\"http:\/\/www.youronlinechoices.com\/\" target=\"_blank\" rel=\"noreferrer noopener\">http:\/\/www.youronlinechoices.com\/<\/a>&nbsp;erkl\u00e4rt werden. Des Weiteren kann die Speicherung von Cookies mittels deren Abschaltung in den Einstellungen des Browsers erreicht werden. Bitte beachten Sie, dass dann gegebenenfalls nicht alle Funktionen dieses Onlineangebotes genutzt werden k\u00f6nnen.<\/p>\n\n\n\n<p><strong>Daten\u00fcbertragungssicherheit (ohne SSL)<\/strong><strong><\/strong><\/p>\n\n\n\n<p>Bitte beachten Sie, dass Daten, die \u00fcber ein offenes Netz wie das Internet oder einen E-Mail-Dienst ohne SSL-Verschl\u00fcsselung \u00fcbermittelt werden, f\u00fcr jedermann einsehbar sind. Eine unverschl\u00fcsselte Verbindung erkennen Sie daran, dass die Adresszeile des Browsers &#8222;http:\/\/&#8220; anzeigt und kein Schloss-Symbol in Ihrer Browserzeile angezeigt wird. Informationen die \u00fcber das Internet \u00fcbertragen werden und online empfangene Inhalte, k\u00f6nnen unter Umst\u00e4nden \u00fcber Netze von Drittanbietern \u00fcbermittelt werden. Wir k\u00f6nnen die Vertraulichkeit von Mitteilungen oder Unterlagen, die \u00fcber solche offenen Netze oder Netze von Drittanbietern \u00fcbermittelt werden, nicht garantieren.<\/p>\n\n\n\n<p>Wenn Sie \u00fcber ein offenes Netz oder Netze von Drittanbietern personenbezogene Informationen bekannt geben, sollten Sie sich der Tatsache bewusst sein, dass Ihre Daten verloren gehen oder Dritte potenziell auf diese Informationen zugreifen und folglich die Daten ohne Ihre Zustimmung sammeln und nutzen k\u00f6nnen. Zwar werden in vielen F\u00e4llen die einzelnen Datenpakete verschl\u00fcsselt \u00fcbermittelt, nicht aber die Namen des Absenders und des Empf\u00e4ngers. Selbst wenn der Absender und der Empf\u00e4nger im gleichen Land wohnen, erfolgt die Daten\u00fcbermittlung \u00fcber solche Netze h\u00e4ufig und ohne Kontrollen auch \u00fcber Drittstaaten, d.h. auch \u00fcber L\u00e4nder, die nicht das gleiche Datenschutzniveau bieten wie Ihr Domizilland. Wir \u00fcbernehmen f\u00fcr die Sicherheit Ihrer Daten w\u00e4hrend der \u00dcbermittlung \u00fcber das Internet keine Verantwortung und lehnen jede Haftung f\u00fcr mittelbare und unmittelbare Verluste ab. Wir bitten Sie, andere Kommunikationsmittel zu benutzen, sollten Sie dies aus Gr\u00fcnden der Sicherheit f\u00fcr notwendig oder vern\u00fcnftig erachten.<\/p>\n\n\n\n<p>Trotz umfangreicher technischer und organisatorischer Sicherungsvorkehrungen, k\u00f6nnen m\u00f6glicherweise Daten verloren gehen oder von Unbefugten abgefangen und\/oder manipuliert werden. Wir treffen soweit m\u00f6glich geeignete technische und organisatorische Sicherheitsmassnahmen, um dies innerhalb unseres Systems zu verhindern. Ihr Computer befindet sich indessen ausserhalb des von uns kontrollierbaren Sicherheitsbereichs. Es obliegt Ihnen als Benutzer, sich \u00fcber die erforderlichen Sicherheitsvorkehrungen zu informieren und diesbez\u00fcglich geeignete Massnahmen zu treffen. Als Website-Betreiber haften wir keinesfalls f\u00fcr Sch\u00e4den, die Ihnen aus Datenverlust oder -manipulation entstehen k\u00f6nnen.<\/p>\n\n\n\n<p>Daten welche Sie in Online-Formularen angeben, k\u00f6nnen zwecks Auftragsabwicklung an beauftragte Dritte weitergegeben und von diesen eingesehen und allenfalls bearbeitet werden.<\/p>\n\n\n\n<p><strong>Dienste von Dritten<\/strong><strong><\/strong><\/p>\n\n\n\n<p>Diese Website verwenden allenfalls Google Maps f\u00fcr das Einbetten von Karten, Google Invisible reCAPTCHA f\u00fcr den Schutz gegen Bots und Spam sowie YouTube f\u00fcr das Einbetten von Videos.<\/p>\n\n\n\n<p>Diese Dienste der amerikanischen Google LLC verwenden unter anderem Cookies und infolgedessen werden Daten an Google in den USA \u00fcbertragen, wobei wir davon ausgehen, dass in diesem Rahmen kein personenbezogenes Tracking allein durch die Nutzung unserer Website stattfindet.<\/p>\n\n\n\n<p>Google hat sich verpflichtet, einen angemessenen Datenschutz gem\u00e4ss dem amerikanisch-europ\u00e4ischen und dem amerikanisch-schweizerischen Privacy Shield zu gew\u00e4hrleisten.<\/p>\n\n\n\n<p>Weitere Informationen finden sich in der&nbsp;<a href=\"https:\/\/policies.google.com\/privacy?hl=de\" target=\"_blank\" rel=\"noreferrer noopener\">Datenschutzerkl\u00e4rung von Google<\/a>.<\/p>\n\n\n\n<p><strong>Kostenpflichtige Leistungen<\/strong><strong><\/strong><\/p>\n\n\n\n<p>Zur Erbringung kostenpflichtiger Leistungen werden von uns zus\u00e4tzliche Daten erfragt, wie z.B. Zahlungsangaben, um Ihre Bestellung resp. Ihren Auftrag ausf\u00fchren zu k\u00f6nnen. Wir speichern diese Daten in unseren Systemen, bis die gesetzlichen Aufbewahrungsfristen abgelaufen sind.<\/p>\n\n\n\n<p><strong>Urheberrechte<\/strong><strong><\/strong><\/p>\n\n\n\n<p>Die Urheber- und alle anderen Rechte an Inhalten, Bildern, Fotos oder anderen Dateien auf der Website, geh\u00f6ren ausschliesslich dem Betreiber dieser Website oder den speziell genannten Rechteinhabern. F\u00fcr die Reproduktion von s\u00e4mtlichen Dateien, ist die schriftliche Zustimmung des Urheberrechtstr\u00e4gers im Voraus einzuholen.<\/p>\n\n\n\n<p>Wer ohne Einwilligung des jeweiligen Rechteinhabers eine Urheberrechtsverletzung begeht, kann sich strafbar und allenfalls schadenersatzpflichtig machen.<\/p>\n\n\n\n<p><strong>Allgemeiner Haftungsausschluss<\/strong><strong><\/strong><\/p>\n\n\n\n<p>Alle Angaben unseres Internetangebotes wurden sorgf\u00e4ltig gepr\u00fcft. Wir bem\u00fchen uns, unser Informationsangebot aktuell, inhaltlich richtig und vollst\u00e4ndig anzubieten. Trotzdem kann das Auftreten von Fehlern nicht v\u00f6llig ausgeschlossen werden, womit wir keine Garantie f\u00fcr Vollst\u00e4ndigkeit, Richtigkeit und Aktualit\u00e4t von Informationen auch journalistisch-redaktioneller Art \u00fcbernehmen k\u00f6nnen. Haftungsanspr\u00fcche aus Sch\u00e4den materieller oder ideeller Art, die durch die Nutzung der angebotenen Informationen verursacht wurden, sind ausgeschlossen, sofern kein nachweislich vors\u00e4tzliches oder grob fahrl\u00e4ssiges Verschulden vorliegt.<\/p>\n\n\n\n<p>Der Herausgeber kann nach eigenem Ermessen und ohne Ank\u00fcndigung Texte ver\u00e4ndern oder l\u00f6schen und ist nicht verpflichtet, Inhalte dieser Website zu aktualisieren. Die Benutzung bzw. der Zugang zu dieser Website geschieht auf eigene Gefahr des Besuchers. Der Herausgeber, seine Auftraggeber oder Partner sind nicht verantwortlich f\u00fcr Sch\u00e4den, wie direkte, indirekte, zuf\u00e4llige, vorab konkret zu bestimmende oder Folgesch\u00e4den, die angeblich durch den Besuch dieser Website entstanden sind und \u00fcbernehmen hierf\u00fcr folglich keine Haftung.<\/p>\n\n\n\n<p>Der Herausgeber \u00fcbernimmt ebenfalls keine Verantwortung und Haftung f\u00fcr die Inhalte und die Verf\u00fcgbarkeit von Website Dritter, die \u00fcber externe Links dieser Website erreichbar sind. F\u00fcr den Inhalt der verlinkten Seiten sind ausschliesslich deren Betreiber verantwortlich. Der Herausgeber distanziert sich damit ausdr\u00fccklich von allen Inhalten Dritter, die m\u00f6glicherweise straf- oder haftungsrechtlich relevant sind oder gegen die guten Sitten verstossen.&nbsp;<\/p>\n\n\n\n<p><strong>\u00c4nderungen<\/strong><strong><\/strong><\/p>\n\n\n\n<p>Wir k\u00f6nnen diese Datenschutzerkl\u00e4rung jederzeit ohne Vorank\u00fcndigung anpassen. Es gilt die jeweils aktuelle, auf unserer Website publizierte Fassung. Soweit die Datenschutzerkl\u00e4rung Teil einer Vereinbarung mit Ihnen ist, werden wir Sie im Falle einer Aktualisierung \u00fcber die \u00c4nderung per E-Mail oder auf andere geeignete Weise informieren.<\/p>\n\n\n\n<p><strong>Fragen an den Datenschutzbeauftragten<\/strong><strong><\/strong><\/p>\n\n\n\n<p>Wenn Sie Fragen zum Datenschutz haben, schreiben Sie uns bitte eine E-Mail oder wenden Sie sich direkt an die f\u00fcr den Datenschutz zu Beginn der Datenschutzerkl\u00e4rung aufgef\u00fchrten, verantwortlichen Person in unserer Organisation.<\/p>\n\n\n\n<p>Seftigen, 30.01.2021<br>Quelle:&nbsp;<a href=\"https:\/\/www.swissanwalt.ch\/\" target=\"_blank\" rel=\"noreferrer noopener\">SwissAnwalt<\/a><\/p>\n\n\n\n<p><\/p>\n","protected":false},"excerpt":{"rendered":"<p>RR-Gym GmbHRaphael R\u00f6llinTelmaweg 23662 Seftigen Telefon: +41787555462E-Mail: info@rr-gym.chWebSite: https:\/\/www.rr-gym.ch Allgemeiner Hinweis Gest\u00fctzt auf Artikel 13 der schweizerischen Bundesverfassung und den&hellip;<\/p>\n","protected":false},"author":1,"featured_media":0,"parent":0,"menu_order":0,"comment_status":"closed","ping_status":"closed","template":"","meta":[],"yoast_head":"<!-- This site is optimized with the Yoast SEO plugin v16.2 - https:\/\/yoast.com\/wordpress\/plugins\/seo\/ -->\n<title>Datenschutz - rr-gym<\/title>\n<meta name=\"robots\" content=\"index, follow, max-snippet:-1, max-image-preview:large, max-video-preview:-1\" \/>\n<link rel=\"canonical\" href=\"https:\/\/www.rr-gym.ch\/setup\/datenschutz\/\" \/>\n<meta property=\"og:locale\" content=\"de_DE\" \/>\n<meta property=\"og:type\" content=\"article\" \/>\n<meta property=\"og:title\" content=\"Datenschutz - rr-gym\" \/>\n<meta property=\"og:description\" content=\"RR-Gym GmbHRaphael R\u00f6llinTelmaweg 23662 Seftigen Telefon: +41787555462E-Mail: info@rr-gym.chWebSite: https:\/\/www.rr-gym.ch Allgemeiner Hinweis Gest\u00fctzt auf Artikel 13 der schweizerischen Bundesverfassung und den&hellip;\" \/>\n<meta property=\"og:url\" content=\"https:\/\/www.rr-gym.ch\/setup\/datenschutz\/\" \/>\n<meta property=\"og:site_name\" content=\"rr-gym\" \/>\n<meta property=\"article:modified_time\" content=\"2021-02-16T09:26:27+00:00\" \/>\n<meta name=\"twitter:card\" content=\"summary_large_image\" \/>\n<meta name=\"twitter:label1\" content=\"Gesch\u00e4tzte Lesezeit\">\n\t<meta name=\"twitter:data1\" content=\"8\u00a0Minuten\">\n<script type=\"application\/ld+json\" class=\"yoast-schema-graph\">{\"@context\":\"https:\/\/schema.org\",\"@graph\":[{\"@type\":\"WebSite\",\"@id\":\"https:\/\/www.rr-gym.ch\/setup\/#website\",\"url\":\"https:\/\/www.rr-gym.ch\/setup\/\",\"name\":\"rr-gym\",\"description\":\"\",\"potentialAction\":[{\"@type\":\"SearchAction\",\"target\":\"https:\/\/www.rr-gym.ch\/setup\/?s={search_term_string}\",\"query-input\":\"required name=search_term_string\"}],\"inLanguage\":\"de\"},{\"@type\":\"WebPage\",\"@id\":\"https:\/\/www.rr-gym.ch\/setup\/datenschutz\/#webpage\",\"url\":\"https:\/\/www.rr-gym.ch\/setup\/datenschutz\/\",\"name\":\"Datenschutz - rr-gym\",\"isPartOf\":{\"@id\":\"https:\/\/www.rr-gym.ch\/setup\/#website\"},\"datePublished\":\"2021-02-09T20:46:15+00:00\",\"dateModified\":\"2021-02-16T09:26:27+00:00\",\"breadcrumb\":{\"@id\":\"https:\/\/www.rr-gym.ch\/setup\/datenschutz\/#breadcrumb\"},\"inLanguage\":\"de\",\"potentialAction\":[{\"@type\":\"ReadAction\",\"target\":[\"https:\/\/www.rr-gym.ch\/setup\/datenschutz\/\"]}]},{\"@type\":\"BreadcrumbList\",\"@id\":\"https:\/\/www.rr-gym.ch\/setup\/datenschutz\/#breadcrumb\",\"itemListElement\":[{\"@type\":\"ListItem\",\"position\":1,\"item\":{\"@type\":\"WebPage\",\"@id\":\"https:\/\/www.rr-gym.ch\/setup\/\",\"url\":\"https:\/\/www.rr-gym.ch\/setup\/\",\"name\":\"Home\"}},{\"@type\":\"ListItem\",\"position\":2,\"item\":{\"@id\":\"https:\/\/www.rr-gym.ch\/setup\/datenschutz\/#webpage\"}}]}]}<\/script>\n<!-- \/ Yoast SEO plugin. -->","_links":{"self":[{"href":"https:\/\/www.rr-gym.ch\/setup\/wp-json\/wp\/v2\/pages\/226"}],"collection":[{"href":"https:\/\/www.rr-gym.ch\/setup\/wp-json\/wp\/v2\/pages"}],"about":[{"href":"https:\/\/www.rr-gym.ch\/setup\/wp-json\/wp\/v2\/types\/page"}],"author":[{"embeddable":true,"href":"https:\/\/www.rr-gym.ch\/setup\/wp-json\/wp\/v2\/users\/1"}],"replies":[{"embeddable":true,"href":"https:\/\/www.rr-gym.ch\/setup\/wp-json\/wp\/v2\/comments?post=226"}],"version-history":[{"count":2,"href":"https:\/\/www.rr-gym.ch\/setup\/wp-json\/wp\/v2\/pages\/226\/revisions"}],"predecessor-version":[{"id":234,"href":"https:\/\/www.rr-gym.ch\/setup\/wp-json\/wp\/v2\/pages\/226\/revisions\/234"}],"wp:attachment":[{"href":"https:\/\/www.rr-gym.ch\/setup\/wp-json\/wp\/v2\/media?parent=226"}],"curies":[{"name":"wp","href":"https:\/\/api.w.org\/{rel}","templated":true}]}}