{"id":140,"date":"2020-10-30T19:44:48","date_gmt":"2020-10-30T18:44:48","guid":{"rendered":"https:\/\/www.rr-gym.ch\/setup\/?page_id=140"},"modified":"2022-03-09T16:30:59","modified_gmt":"2022-03-09T15:30:59","slug":"termin-buchen-2","status":"publish","type":"page","link":"https:\/\/www.rr-gym.ch\/setup\/termin-buchen-2\/","title":{"rendered":"RR-Gym; Functional &#038; Personaltraining"},"content":{"rendered":"\n<p><strong>Kraft tanken im Ger\u00e4tepark<\/strong><\/p>\n\n\n\n<p>Im RR-Gym trainierst du deine Muskelgruppen. Oberk\u00f6rper, R\u00fccken, Bauch, Beine und Po lassen sich hier gef\u00fchrt und gezielt aufbauen. Du bist ein sportlicher Einsteiger oder m\u00f6chtest dein Kraft-Training absolvieren? Perfekt! Unser Maschinenpark bietet alles f\u00fcr den gezielten Aufbau. Nat\u00fcrlich immer mit unserer fachkundigen Betreuung. <\/p>\n\n\n\n<p>F\u00fcr ein Schnuppertraining darfst du dich gerne telefonisch bei uns melden. Wir freuen uns auf dich!<\/p>\n\n\n\n<div class=\"wp-block-group\"><div class=\"wp-block-group__inner-container\">\n<div class=\"wp-block-group\"><div class=\"wp-block-group__inner-container\">\n<div class=\"wp-block-group\"><div class=\"wp-block-group__inner-container\">\n<div class=\"wp-block-image\"><figure class=\"alignleft size-large is-resized\"><img loading=\"lazy\" src=\"https:\/\/www.rr-gym.ch\/setup\/wp-content\/uploads\/2021\/08\/Bild-Fitness-768x1024.jpg\" alt=\"\" class=\"wp-image-346\" width=\"174\" height=\"232\" srcset=\"https:\/\/www.rr-gym.ch\/setup\/wp-content\/uploads\/2021\/08\/Bild-Fitness-768x1024.jpg 768w, https:\/\/www.rr-gym.ch\/setup\/wp-content\/uploads\/2021\/08\/Bild-Fitness-225x300.jpg 225w, https:\/\/www.rr-gym.ch\/setup\/wp-content\/uploads\/2021\/08\/Bild-Fitness-1152x1536.jpg 1152w, https:\/\/www.rr-gym.ch\/setup\/wp-content\/uploads\/2021\/08\/Bild-Fitness.jpg 1500w\" sizes=\"(max-width: 174px) 100vw, 174px\" \/><\/figure><\/div>\n<\/div><\/div>\n\n\n\n<div class=\"wp-block-group\"><div class=\"wp-block-group__inner-container\">\n<div class=\"wp-block-image\"><figure class=\"alignleft size-large is-resized\"><img loading=\"lazy\" src=\"https:\/\/www.rr-gym.ch\/setup\/wp-content\/uploads\/2021\/03\/4-1024x768.jpg\" alt=\"\" class=\"wp-image-272\" width=\"235\" height=\"177\" srcset=\"https:\/\/www.rr-gym.ch\/setup\/wp-content\/uploads\/2021\/03\/4-1024x768.jpg 1024w, https:\/\/www.rr-gym.ch\/setup\/wp-content\/uploads\/2021\/03\/4-300x225.jpg 300w, https:\/\/www.rr-gym.ch\/setup\/wp-content\/uploads\/2021\/03\/4-768x576.jpg 768w, https:\/\/www.rr-gym.ch\/setup\/wp-content\/uploads\/2021\/03\/4-1536x1152.jpg 1536w, https:\/\/www.rr-gym.ch\/setup\/wp-content\/uploads\/2021\/03\/4-1600x1200.jpg 1600w, https:\/\/www.rr-gym.ch\/setup\/wp-content\/uploads\/2021\/03\/4.jpg 2000w\" sizes=\"(max-width: 235px) 100vw, 235px\" \/><\/figure><\/div>\n<\/div><\/div>\n\n\n\n<div class=\"wp-block-group\"><div class=\"wp-block-group__inner-container\">\n<div class=\"wp-block-image\"><figure class=\"alignright size-large is-resized\"><img loading=\"lazy\" src=\"https:\/\/www.rr-gym.ch\/setup\/wp-content\/uploads\/2021\/03\/3-1024x768.jpg\" alt=\"\" class=\"wp-image-271\" width=\"376\" height=\"282\" srcset=\"https:\/\/www.rr-gym.ch\/setup\/wp-content\/uploads\/2021\/03\/3-1024x768.jpg 1024w, https:\/\/www.rr-gym.ch\/setup\/wp-content\/uploads\/2021\/03\/3-300x225.jpg 300w, https:\/\/www.rr-gym.ch\/setup\/wp-content\/uploads\/2021\/03\/3-768x576.jpg 768w, https:\/\/www.rr-gym.ch\/setup\/wp-content\/uploads\/2021\/03\/3-1536x1152.jpg 1536w, https:\/\/www.rr-gym.ch\/setup\/wp-content\/uploads\/2021\/03\/3-1600x1200.jpg 1600w, https:\/\/www.rr-gym.ch\/setup\/wp-content\/uploads\/2021\/03\/3.jpg 2000w\" sizes=\"(max-width: 376px) 100vw, 376px\" \/><\/figure><\/div>\n<\/div><\/div>\n<\/div><\/div>\n<\/div><\/div>\n\n\n\n<figure class=\"wp-block-image size-large is-resized\"><img loading=\"lazy\" src=\"https:\/\/www.rr-gym.ch\/setup\/wp-content\/uploads\/2021\/03\/FMMZ0788-1.jpg\" alt=\"\" class=\"wp-image-269\" width=\"226\" height=\"301\" srcset=\"https:\/\/www.rr-gym.ch\/setup\/wp-content\/uploads\/2021\/03\/FMMZ0788-1.jpg 605w, https:\/\/www.rr-gym.ch\/setup\/wp-content\/uploads\/2021\/03\/FMMZ0788-1-225x300.jpg 225w\" sizes=\"(max-width: 226px) 100vw, 226px\" \/><\/figure>\n\n\n\n<div class=\"wp-block-group\"><div class=\"wp-block-group__inner-container\"><\/div><\/div>\n","protected":false},"excerpt":{"rendered":"<p>Kraft tanken im Ger\u00e4tepark Im RR-Gym trainierst du deine Muskelgruppen. Oberk\u00f6rper, R\u00fccken, Bauch, Beine und Po lassen sich hier gef\u00fchrt&hellip;<\/p>\n","protected":false},"author":1,"featured_media":0,"parent":0,"menu_order":0,"comment_status":"closed","ping_status":"closed","template":"","meta":[],"yoast_head":"<!-- This site is optimized with the Yoast SEO plugin v16.2 - https:\/\/yoast.com\/wordpress\/plugins\/seo\/ -->\n<title>RR-Gym; Functional &amp; Personaltraining - rr-gym<\/title>\n<meta name=\"robots\" content=\"index, follow, max-snippet:-1, max-image-preview:large, max-video-preview:-1\" \/>\n<link rel=\"canonical\" href=\"https:\/\/www.rr-gym.ch\/setup\/termin-buchen-2\/\" \/>\n<meta property=\"og:locale\" content=\"de_DE\" \/>\n<meta property=\"og:type\" content=\"article\" \/>\n<meta property=\"og:title\" content=\"RR-Gym; Functional &amp; Personaltraining - rr-gym\" \/>\n<meta property=\"og:description\" content=\"Kraft tanken im Ger\u00e4tepark Im RR-Gym trainierst du deine Muskelgruppen. Oberk\u00f6rper, R\u00fccken, Bauch, Beine und Po lassen sich hier gef\u00fchrt&hellip;\" \/>\n<meta property=\"og:url\" content=\"https:\/\/www.rr-gym.ch\/setup\/termin-buchen-2\/\" \/>\n<meta property=\"og:site_name\" content=\"rr-gym\" \/>\n<meta property=\"article:modified_time\" content=\"2022-03-09T15:30:59+00:00\" \/>\n<meta property=\"og:image\" content=\"https:\/\/www.rr-gym.ch\/setup\/wp-content\/uploads\/2021\/08\/Bild-Fitness-768x1024.jpg\" \/>\n<meta name=\"twitter:card\" content=\"summary_large_image\" \/>\n<meta name=\"twitter:label1\" content=\"Gesch\u00e4tzte Lesezeit\">\n\t<meta name=\"twitter:data1\" content=\"2\u00a0Minuten\">\n<script type=\"application\/ld+json\" class=\"yoast-schema-graph\">{\"@context\":\"https:\/\/schema.org\",\"@graph\":[{\"@type\":\"WebSite\",\"@id\":\"https:\/\/www.rr-gym.ch\/setup\/#website\",\"url\":\"https:\/\/www.rr-gym.ch\/setup\/\",\"name\":\"rr-gym\",\"description\":\"\",\"potentialAction\":[{\"@type\":\"SearchAction\",\"target\":\"https:\/\/www.rr-gym.ch\/setup\/?s={search_term_string}\",\"query-input\":\"required name=search_term_string\"}],\"inLanguage\":\"de\"},{\"@type\":\"ImageObject\",\"@id\":\"https:\/\/www.rr-gym.ch\/setup\/termin-buchen-2\/#primaryimage\",\"inLanguage\":\"de\",\"url\":\"https:\/\/www.rr-gym.ch\/setup\/wp-content\/uploads\/2021\/08\/Bild-Fitness.jpg\",\"contentUrl\":\"https:\/\/www.rr-gym.ch\/setup\/wp-content\/uploads\/2021\/08\/Bild-Fitness.jpg\",\"width\":1500,\"height\":2000},{\"@type\":\"WebPage\",\"@id\":\"https:\/\/www.rr-gym.ch\/setup\/termin-buchen-2\/#webpage\",\"url\":\"https:\/\/www.rr-gym.ch\/setup\/termin-buchen-2\/\",\"name\":\"RR-Gym; Functional & Personaltraining - rr-gym\",\"isPartOf\":{\"@id\":\"https:\/\/www.rr-gym.ch\/setup\/#website\"},\"primaryImageOfPage\":{\"@id\":\"https:\/\/www.rr-gym.ch\/setup\/termin-buchen-2\/#primaryimage\"},\"datePublished\":\"2020-10-30T18:44:48+00:00\",\"dateModified\":\"2022-03-09T15:30:59+00:00\",\"breadcrumb\":{\"@id\":\"https:\/\/www.rr-gym.ch\/setup\/termin-buchen-2\/#breadcrumb\"},\"inLanguage\":\"de\",\"potentialAction\":[{\"@type\":\"ReadAction\",\"target\":[\"https:\/\/www.rr-gym.ch\/setup\/termin-buchen-2\/\"]}]},{\"@type\":\"BreadcrumbList\",\"@id\":\"https:\/\/www.rr-gym.ch\/setup\/termin-buchen-2\/#breadcrumb\",\"itemListElement\":[{\"@type\":\"ListItem\",\"position\":1,\"item\":{\"@type\":\"WebPage\",\"@id\":\"https:\/\/www.rr-gym.ch\/setup\/\",\"url\":\"https:\/\/www.rr-gym.ch\/setup\/\",\"name\":\"Home\"}},{\"@type\":\"ListItem\",\"position\":2,\"item\":{\"@id\":\"https:\/\/www.rr-gym.ch\/setup\/termin-buchen-2\/#webpage\"}}]}]}<\/script>\n<!-- \/ Yoast SEO plugin. -->","_links":{"self":[{"href":"https:\/\/www.rr-gym.ch\/setup\/wp-json\/wp\/v2\/pages\/140"}],"collection":[{"href":"https:\/\/www.rr-gym.ch\/setup\/wp-json\/wp\/v2\/pages"}],"about":[{"href":"https:\/\/www.rr-gym.ch\/setup\/wp-json\/wp\/v2\/types\/page"}],"author":[{"embeddable":true,"href":"https:\/\/www.rr-gym.ch\/setup\/wp-json\/wp\/v2\/users\/1"}],"replies":[{"embeddable":true,"href":"https:\/\/www.rr-gym.ch\/setup\/wp-json\/wp\/v2\/comments?post=140"}],"version-history":[{"count":13,"href":"https:\/\/www.rr-gym.ch\/setup\/wp-json\/wp\/v2\/pages\/140\/revisions"}],"predecessor-version":[{"id":420,"href":"https:\/\/www.rr-gym.ch\/setup\/wp-json\/wp\/v2\/pages\/140\/revisions\/420"}],"wp:attachment":[{"href":"https:\/\/www.rr-gym.ch\/setup\/wp-json\/wp\/v2\/media?parent=140"}],"curies":[{"name":"wp","href":"https:\/\/api.w.org\/{rel}","templated":true}]}}